{"id":9,"date":"2019-05-20T10:26:35","date_gmt":"2019-05-20T08:26:35","guid":{"rendered":"http:\/\/www.artursokolowski.pl\/?page_id=9"},"modified":"2020-03-24T13:08:40","modified_gmt":"2020-03-24T12:08:40","slug":"o-nas","status":"publish","type":"page","link":"http:\/\/www.artursokolowski.pl\/index.php\/o-nas\/","title":{"rendered":"O mnie"},"content":{"rendered":"\t\t<div data-elementor-type=\"wp-page\" data-elementor-id=\"9\" class=\"elementor elementor-9\">\n\t\t\t\t\t\t<div class=\"elementor-inner\">\n\t\t\t\t<div class=\"elementor-section-wrap\">\n\t\t\t\t\t\t\t\t\t<section class=\"elementor-section elementor-top-section elementor-element elementor-element-cd8c389 elementor-section-boxed elementor-section-height-default elementor-section-height-default\" data-id=\"cd8c389\" data-element_type=\"section\">\n\t\t\t\t\t\t<div class=\"elementor-container elementor-column-gap-default\">\n\t\t\t\t\t\t\t<div class=\"elementor-row\">\n\t\t\t\t\t<div class=\"elementor-column elementor-col-100 elementor-top-column elementor-element elementor-element-b6fd4c2\" data-id=\"b6fd4c2\" data-element_type=\"column\">\n\t\t\t<div class=\"elementor-column-wrap elementor-element-populated\">\n\t\t\t\t\t\t\t<div class=\"elementor-widget-wrap\">\n\t\t\t\t\t\t<div class=\"elementor-element elementor-element-adbc37a elementor-widget elementor-widget-text-editor\" data-id=\"adbc37a\" data-element_type=\"widget\" data-widget_type=\"text-editor.default\">\n\t\t\t\t<div class=\"elementor-widget-container\">\n\t\t\t\t\t\t\t\t<div class=\"elementor-text-editor elementor-clearfix\">\n\t\t\t\t<h3 style=\"text-align: center;\"><span style=\"color: #999999;\">Dzie\u0144 dobry, cze\u015b\u0107 i czo\u0142em !<\/span><\/h3>\t\t\t\t\t<\/div>\n\t\t\t\t\t\t<\/div>\n\t\t\t\t<\/div>\n\t\t\t\t\t\t<\/div>\n\t\t\t\t\t<\/div>\n\t\t<\/div>\n\t\t\t\t\t\t\t\t<\/div>\n\t\t\t\t\t<\/div>\n\t\t<\/section>\n\t\t\t\t<section class=\"elementor-section elementor-top-section elementor-element elementor-element-8cb9152 elementor-section-boxed elementor-section-height-default elementor-section-height-default\" data-id=\"8cb9152\" data-element_type=\"section\">\n\t\t\t\t\t\t<div class=\"elementor-container elementor-column-gap-default\">\n\t\t\t\t\t\t\t<div class=\"elementor-row\">\n\t\t\t\t\t<div class=\"elementor-column elementor-col-50 elementor-top-column elementor-element elementor-element-bb5e099\" data-id=\"bb5e099\" data-element_type=\"column\">\n\t\t\t<div class=\"elementor-column-wrap elementor-element-populated\">\n\t\t\t\t\t\t\t<div class=\"elementor-widget-wrap\">\n\t\t\t\t\t\t<div class=\"elementor-element elementor-element-53ef7cd elementor-invisible elementor-widget elementor-widget-text-editor\" data-id=\"53ef7cd\" data-element_type=\"widget\" data-settings=\"{&quot;_animation&quot;:&quot;fadeInLeft&quot;}\" data-widget_type=\"text-editor.default\">\n\t\t\t\t<div class=\"elementor-widget-container\">\n\t\t\t\t\t\t\t\t<div class=\"elementor-text-editor elementor-clearfix\">\n\t\t\t\t<p><span style=\"color: #999999;\">Jestem Artek, m\u0105\u017c fenomenalnej \u017cony i ojciec dw\u00f3jki wspania\u0142ych dzieci, a od pewnego czasu r\u00f3wnie\u017c wsp\u00f3\u0142w\u0142a\u015bciciel psa.<\/span><\/p>\n<p><span style=\"color: #999999;\">Fotografia w moim \u017cyciu pojawi\u0142a si\u0119 w 1999 roku, najpierw jako pasja, a potem wyznaczy\u0142a kierunek w \u017cyciu zawodowym.<\/span><\/p>\n<p><span style=\"color: #999999;\">Zdj\u0119cia to emocje, kt\u00f3rych poszukuj\u0119 w kadrze. Patrz\u0105c na fotografi\u0119, bez wzgl\u0119du czy widz\u0119 na niej pi\u0119kn\u0105 kobiet\u0119, p\u0142acz\u0105ce dziecko czy patrz\u0105ce sobie w oczy dwoje ludzi, chcia\u0142bym odczuwa\u0107 pewne poruszenie, mo\u017ce energi\u0119. Do tego sprowadza si\u0119 oferowana przeze mnie fotografia \u015blubna.\u00a0<\/span><\/p>\n<p><span style=\"color: #999999;\">Przysz\u0142e pary m\u0142ode zapraszam na spotkanie u mnie w studio i przy dobrej kawie czy herbacie pogadamy o waszym dniu i jak m\u00f3g\u0142bym wam tego dnia najlepiej pom\u00f3c fotograficznie.<\/span><\/p>\t\t\t\t\t<\/div>\n\t\t\t\t\t\t<\/div>\n\t\t\t\t<\/div>\n\t\t\t\t\t\t<\/div>\n\t\t\t\t\t<\/div>\n\t\t<\/div>\n\t\t\t\t<div class=\"elementor-column elementor-col-50 elementor-top-column elementor-element elementor-element-410aa0e\" data-id=\"410aa0e\" data-element_type=\"column\">\n\t\t\t<div class=\"elementor-column-wrap elementor-element-populated\">\n\t\t\t\t\t\t\t<div class=\"elementor-widget-wrap\">\n\t\t\t\t\t\t<div class=\"elementor-element elementor-element-6584f53 elementor-invisible elementor-widget elementor-widget-image\" data-id=\"6584f53\" data-element_type=\"widget\" data-settings=\"{&quot;_animation&quot;:&quot;fadeInRight&quot;}\" data-widget_type=\"image.default\">\n\t\t\t\t<div class=\"elementor-widget-container\">\n\t\t\t\t\t\t\t\t<div class=\"elementor-image\">\n\t\t\t\t\t\t\t\t\t\t\t\t<img src=\"http:\/\/www.artursokolowski.pl\/wp-content\/uploads\/elementor\/thumbs\/DSCF8421-ol3z0gp0im1qsv219f207chrzj95zd3jdjoknqbpao.jpg\" title=\"DSCF8421\" alt=\"DSCF8421\" \/>\t\t\t\t\t\t\t\t\t\t\t\t\t\t<\/div>\n\t\t\t\t\t\t<\/div>\n\t\t\t\t<\/div>\n\t\t\t\t\t\t<\/div>\n\t\t\t\t\t<\/div>\n\t\t<\/div>\n\t\t\t\t\t\t\t\t<\/div>\n\t\t\t\t\t<\/div>\n\t\t<\/section>\n\t\t\t\t\t\t\t\t\t<\/div>\n\t\t\t<\/div>\n\t\t\t\t\t<\/div>\n\t\t","protected":false},"excerpt":{"rendered":"<p>Dzie\u0144 dobry, cze\u015b\u0107 i czo\u0142em ! Jestem Artek, m\u0105\u017c fenomenalnej \u017cony i ojciec dw\u00f3jki wspania\u0142ych dzieci, a od pewnego czasu r\u00f3wnie\u017c wsp\u00f3\u0142w\u0142a\u015bciciel psa. Fotografia w moim \u017cyciu&hellip;<\/p>\n<p> <a class=\"more-link\" href=\"http:\/\/www.artursokolowski.pl\/index.php\/o-nas\/\">Czytaj dalej<\/a><\/p>\n","protected":false},"author":1,"featured_media":408,"parent":0,"menu_order":0,"comment_status":"closed","ping_status":"closed","template":"","meta":{"_monsterinsights_skip_tracking":false,"_monsterinsights_sitenote_active":false,"_monsterinsights_sitenote_note":"","_monsterinsights_sitenote_category":0},"_links":{"self":[{"href":"http:\/\/www.artursokolowski.pl\/index.php\/wp-json\/wp\/v2\/pages\/9"}],"collection":[{"href":"http:\/\/www.artursokolowski.pl\/index.php\/wp-json\/wp\/v2\/pages"}],"about":[{"href":"http:\/\/www.artursokolowski.pl\/index.php\/wp-json\/wp\/v2\/types\/page"}],"author":[{"embeddable":true,"href":"http:\/\/www.artursokolowski.pl\/index.php\/wp-json\/wp\/v2\/users\/1"}],"replies":[{"embeddable":true,"href":"http:\/\/www.artursokolowski.pl\/index.php\/wp-json\/wp\/v2\/comments?post=9"}],"version-history":[{"count":9,"href":"http:\/\/www.artursokolowski.pl\/index.php\/wp-json\/wp\/v2\/pages\/9\/revisions"}],"predecessor-version":[{"id":2507,"href":"http:\/\/www.artursokolowski.pl\/index.php\/wp-json\/wp\/v2\/pages\/9\/revisions\/2507"}],"wp:featuredmedia":[{"embeddable":true,"href":"http:\/\/www.artursokolowski.pl\/index.php\/wp-json\/wp\/v2\/media\/408"}],"wp:attachment":[{"href":"http:\/\/www.artursokolowski.pl\/index.php\/wp-json\/wp\/v2\/media?parent=9"}],"curies":[{"name":"wp","href":"https:\/\/api.w.org\/{rel}","templated":true}]}}